{"id":806,"date":"2025-10-05T20:10:44","date_gmt":"2025-10-05T20:10:44","guid":{"rendered":"https:\/\/filmikagalaika.com\/politica-de-privacidad\/"},"modified":"2025-10-05T20:21:21","modified_gmt":"2025-10-05T20:21:21","slug":"politica-de-privacidade","status":"publish","type":"page","link":"https:\/\/filmikagalaika.com\/gl\/politica-de-privacidade\/","title":{"rendered":"Pol\u00edtica de privacidade"},"content":{"rendered":"<div class=\"fusion-fullwidth fullwidth-box fusion-builder-row-1 fusion-flex-container has-pattern-background has-mask-background nonhundred-percent-fullwidth non-hundred-percent-height-scrolling\" style=\"--awb-border-radius-top-left:0px;--awb-border-radius-top-right:0px;--awb-border-radius-bottom-right:0px;--awb-border-radius-bottom-left:0px;--awb-flex-wrap:wrap;\" ><div class=\"fusion-builder-row fusion-row fusion-flex-align-items-flex-start fusion-flex-content-wrap\" style=\"max-width:calc( 2300px + 5px );margin-left: calc(-5px \/ 2 );margin-right: calc(-5px \/ 2 );\"><div class=\"fusion-layout-column fusion_builder_column fusion-builder-column-0 fusion_builder_column_2_5 2_5 fusion-flex-column\" style=\"--awb-bg-size:cover;--awb-width-large:40%;--awb-margin-top-large:0px;--awb-spacing-right-large:2.5px;--awb-margin-bottom-large:3px;--awb-spacing-left-large:2.5px;--awb-width-medium:40%;--awb-order-medium:0;--awb-spacing-right-medium:2.5px;--awb-spacing-left-medium:2.5px;--awb-width-small:100%;--awb-order-small:0;--awb-spacing-right-small:2.5px;--awb-spacing-left-small:2.5px;\"><div class=\"fusion-column-wrapper fusion-column-has-shadow fusion-flex-justify-content-flex-start fusion-content-layout-column\"><div class=\"fusion-title title fusion-title-1 fusion-sep-none fusion-title-text fusion-title-size-one\"><h1 class=\"fusion-title-heading title-heading-left\" style=\"margin:0;\">Pol\u00edtica de privacidade<\/h1><\/div><\/div><\/div><div class=\"fusion-layout-column fusion_builder_column fusion-builder-column-1 fusion_builder_column_3_5 3_5 fusion-flex-column\" style=\"--awb-bg-size:cover;--awb-width-large:60%;--awb-margin-top-large:0px;--awb-spacing-right-large:2.5px;--awb-margin-bottom-large:3px;--awb-spacing-left-large:2.5px;--awb-width-medium:60%;--awb-order-medium:0;--awb-spacing-right-medium:2.5px;--awb-spacing-left-medium:2.5px;--awb-width-small:100%;--awb-order-small:0;--awb-spacing-right-small:2.5px;--awb-spacing-left-small:2.5px;\"><div class=\"fusion-column-wrapper fusion-column-has-shadow fusion-flex-justify-content-flex-start fusion-content-layout-column\"><div class=\"fusion-text fusion-text-1\"><h2>Condiciones generales de acceso y uso del sitio web filmikagalaika.com<\/h2>\n<p>El sitio web <a href=\"http:\/\/www.filmikagalaika.com\">www.filmikagalaika.com<\/a> es propiedad de Filmika Galaika S.L. (en adelante, la propietaria), con domicilio a efectos de notificaciones en Santiago de Compostela, con NIF B70231956 y direcci\u00f3n de correo electr\u00f3nico <a href=\"mailto:info@filmikagalaika.com\">mailto:info@filmikagalaika.com<\/a>, y a trav\u00e9s del mismo se proporciona informaci\u00f3n sobre sus actividades.<\/p>\n<p>El acceso y uso del sitio web atribuye al que lo realiza la condici\u00f3n de \"usuarix\" e implica la aceptaci\u00f3n \u00edntegra, expresa y sin reservas de las presentes condiciones generales, vigentes en el momento del acceso. Si el\/la usuarix no comprendiera en su totalidad las presentes condiciones de uso o no estuviera de acuerdo con las mismas, deber\u00e1 abstenerse de utilizar y operar a trav\u00e9s de este sitio web.<\/p>\n<p>Las presentes condiciones generales rigen \u00fanica y exclusivamente el uso del sitio web de la propietaria por parte de los\/las usuarixs que accedan y\/o naveguen por www.filmikagalaika.com. Las presentes condiciones generales se exponen en el sitio web filmikagalaika.com, para que lxs usuarixs puedan leerlas, imprimirlas y archivarlas.<\/p>\n<h3>Primero.- Condiciones de acceso y uso<\/h3>\n<p>La utilizaci\u00f3n del sitio web de la propietaria es gratuita y no requiere el previo registro del\/de la usuarix. En aquellos casos que el acceso y\/o uso de determinados servicios y\/o contenidos requiriesen el registro o suscripci\u00f3n de lxs usuarixs, ser\u00e1 necesario que \u00e9stos acepten previamente la correspondiente <strong>pol\u00edtica de privacidad<\/strong> y las <strong>condiciones generales<\/strong> espec\u00edficas, no siendo posible el acceso a los mismos sin dicha aceptaci\u00f3n.<br \/>\nLas condiciones de acceso y uso del presente sitio web se rigen estrictamente por la legalidad vigente y por el principio de buena fe, comprometi\u00e9ndose el\/la usuarix a realizar un buen uso de la web. Quedan prohibidos todos los actos que vulneren derechos o intereses de terceros (derecho a la intimidad, protecci\u00f3n de datos, propiedad intelectual, etc.), o la normativa vigente.<\/p>\n<p>La propietaria <strong>proh\u00edbe<\/strong> expresamente:<\/p>\n<ul>\n<li>Realizar acciones que puedan producir en el sitio web o a trav\u00e9s del mismo, por cualquier medio, cualquier tipo de da\u00f1o a los sistemas la propietaria o a terceros.<\/li>\n<li>Realizar sin la debida autorizaci\u00f3n cualquier tipo de publicidad o informaci\u00f3n comercial directamente o de forma encubierta, el env\u00edo de correos masivos (\u00abspamming\u00bb) o env\u00edo de grandes mensajes con el fin de bloquear servidores de la red (\u00abmail bombing\u00bb).<\/li>\n<\/ul>\n<p>El usuarix se compromete a no utilizar el sitio web, ni los contenidos o informaci\u00f3n y\/o los servicios que se ofrecen en el mismo para la realizaci\u00f3n de actividades contrarias a la ley y a respetar en todo momento las presentes condiciones generales.<\/p>\n<p>La propietaria podr\u00e1 interrumpir en cualquier momento el acceso a su sitio web si detecta un uso contrario a la legalidad, la buena fe o a las presentes condiciones generales.<\/p>\n<h3>Segunda.- Contenidos<\/h3>\n<p>Los contenidos incorporados en este sitio web han sido elaborados e incluidos por la propietaria, utilizando fuentes internas y externas, de tal modo que la propietaria \u00fanicamente se hace responsable por los contenidos elaborados de forma interna.<\/p>\n<p>La propietaria se reserva el derecho a modificar en cualquier momento los contenidos existentes en su sitio web. La propietaria no asegura ni se responsabiliza del correcto funcionamiento de los enlaces a sitios web de terceros que figuren en el sitio web.<\/p>\n<p>Adem\u00e1s, a trav\u00e9s del sitio web <a href=\"https:\/\/filmikagalaika.com\/gl\/\">filmikagalaika.com<\/a>, pueden ponerse a disposici\u00f3n de lxs usuarixs, servicios gratuitos y\/o de pago ofrecidos por terceros ajenos, los cu\u00e1les se regir\u00e1n por las condiciones particulares de dichos servicios. La propietaria no garantiza en ning\u00fan caso la veracidad, exactitud o actualidad de los contenidos y servicios ofrecidos por terceros y queda expresamente exonerado de cualquier tipo de responsabilidad por los da\u00f1os y perjuicios que puedan derivarse de la falta de exactitud de estos contenidos y servicios.<\/p>\n<h3>Tercera.- Responsabilidad<\/h3>\n<p>La propietaria en ning\u00fan caso ser\u00e1 responsable de:<\/p>\n<ul>\n<li>Los fallos e incidencias que pudieran producirse en las comunicaciones, borrado o transmisiones incompletas de manera que no se garantiza que del sitio los servicios web est\u00e9n constantemente operativos.<\/li>\n<li>De la producci\u00f3n de cualquier tipo de da\u00f1o que lxs usuarixs o terceros pudiesen ocasionar en el sitio web.<\/li>\n<li>De la fiabilidad y veracidad de las informaciones introducidas por terceros en el sitio web, bien directamente, bien a trav\u00e9s de enlaces o links.<\/li>\n<\/ul>\n<p>La propietaria se reserva el derecho a suspender el acceso sin previo aviso de forma discrecional y con car\u00e1cter definitivo o temporal hasta el aseguramiento de la efectiva responsabilidad de los da\u00f1os que pudieran producirse.<\/p>\n<p>La propietaria colaborar\u00e1 y notificar\u00e1 a la autoridad competente las incidencias anteriormente indicadas en el momento en que tenga conocimiento fehaciente de que los da\u00f1os ocasionados constituyan cualquier tipo de actividad il\u00edcita.<\/p>\n<h3>Cuarta.- Derechos de autor<\/h3>\n<p>Los contenidos propios, la programaci\u00f3n y el dise\u00f1o del sitio web filmikagalaika.com se encuentra plenamente protegido por los derechos de autor, quedando expresamente prohibida toda reproducci\u00f3n, comunicaci\u00f3n, distribuci\u00f3n y transformaci\u00f3n de los referidos elementos protegidos, salvo consentimiento expreso de la propietaria.<\/p>\n<p>La propietaria puede utilizar fuentes externas para la elaboraci\u00f3n de sus contenidos y establecer links o hiperenlaces a art\u00edculos o informaciones de terceros citando siempre la fuente. El leg\u00edtimo titular de los derechos de autor de las informaciones as\u00ed incluidas podr\u00e1 solicitar en cualquier momento la eliminaci\u00f3n de los referidos contenidos.<\/p>\n<p>Los materiales tanto gr\u00e1ficos como escritos enviados por lxs usuarixs a trav\u00e9s de los medios que se ponen a su disposici\u00f3n en el sitio web son propiedad del usuarix, quien afirma al enviarlos su leg\u00edtima autor\u00eda y cede los derechos de reproducci\u00f3n y distribuci\u00f3n a la propietaria.<\/p>\n<h3>Quinta.- Jurisdicci\u00f3n y ley aplicable<\/h3>\n<p>Las presentes condiciones generales se rigen por la legislaci\u00f3n espa\u00f1ola. Son competentes para resolver toda controversia o conflicto que se derive de las presentes condiciones generales los Juzgados de Santiago de Compostela, renunciando expresamente el\/la usuarix a cualquier otro fuero que pudiera corresponderle.<\/p>\n<h3>Sexta.- Miscel\u00e1nea<\/h3>\n<p>La declaraci\u00f3n de nulidad de alguna o algunas de las cl\u00e1usulas de estas condiciones no perjudica la validez de las restantes, que permanecer\u00e1n vigentes. La propietaria podr\u00e1 no ejercitar alguno de los derechos y facultades conferidos en este documento estas Condiciones lo que no implicar\u00e1 en ning\u00fan caso la renuncia a los mismos, salvo reconocimiento expreso por parte de la propietaria.<br \/>\nEstas condiciones generales podr\u00e1n ser modificadas por Filmika Galaika cuando as\u00ed lo considere oportuno. La modificaci\u00f3n surtir\u00e1 efectos desde el d\u00eda siguiente a la fecha de su publicaci\u00f3n.<\/p>\n<p>Fecha de publicaci\u00f3n 3-10-2025<\/p>\n<\/div><\/div><\/div><\/div><\/div>\n","protected":false},"excerpt":{"rendered":"","protected":false},"author":3,"featured_media":0,"parent":0,"menu_order":0,"comment_status":"closed","ping_status":"closed","template":"100-width.php","meta":{"_acf_changed":false,"footnotes":""},"class_list":["post-806","page","type-page","status-publish","hentry"],"acf":[],"_links":{"self":[{"href":"https:\/\/filmikagalaika.com\/gl\/wp-json\/wp\/v2\/pages\/806","targetHints":{"allow":["GET"]}}],"collection":[{"href":"https:\/\/filmikagalaika.com\/gl\/wp-json\/wp\/v2\/pages"}],"about":[{"href":"https:\/\/filmikagalaika.com\/gl\/wp-json\/wp\/v2\/types\/page"}],"author":[{"embeddable":true,"href":"https:\/\/filmikagalaika.com\/gl\/wp-json\/wp\/v2\/users\/3"}],"replies":[{"embeddable":true,"href":"https:\/\/filmikagalaika.com\/gl\/wp-json\/wp\/v2\/comments?post=806"}],"version-history":[{"count":1,"href":"https:\/\/filmikagalaika.com\/gl\/wp-json\/wp\/v2\/pages\/806\/revisions"}],"predecessor-version":[{"id":810,"href":"https:\/\/filmikagalaika.com\/gl\/wp-json\/wp\/v2\/pages\/806\/revisions\/810"}],"wp:attachment":[{"href":"https:\/\/filmikagalaika.com\/gl\/wp-json\/wp\/v2\/media?parent=806"}],"curies":[{"name":"wp","href":"https:\/\/api.w.org\/{rel}","templated":true}]}}